{"id":17,"date":"2025-11-29T15:27:58","date_gmt":"2025-11-29T15:27:58","guid":{"rendered":"https:\/\/herschel.co.at\/?page_id=17"},"modified":"2026-02-08T19:31:14","modified_gmt":"2026-02-08T19:31:14","slug":"vintage-fotos-restaurieren","status":"publish","type":"page","link":"https:\/\/herschel.co.at\/?page_id=17","title":{"rendered":"Vintage Fotos"},"content":{"rendered":"\n<p>Fotografieren war schon immer eine Sache f\u00fcr mich. Und alte Fotoalben liebe ich. Und dann w\u00e4re da noch mein Hang zum Archivar. \u00dcber zwei sehr alte Fotoalben in unserem Familienfundus habe ich in dieses Thema hineingefunden. Nicht zuletzt aus Angst, dass diese Andenken irgendwann verblassen k\u00f6nnten, habe ich sie digitalisiert. Nach anf\u00e4nglichen Misserfolgen in Bezug auf die erreichte Qualit\u00e4t habe ich eine Vorgehensweise gefunden, die meinen Anspr\u00fcchen gen\u00fcgt: nach der sorgf\u00e4ltigen Digitalisierung unterwerfe ich jedes Foto einem mehrstufigen Prozess zur bestm\u00f6lglichen Ausarbeitung.<\/p>\n\n\n\n<p>Ein paar Beispiele in dieser <a href=\"https:\/\/nc.herschel.co.at\/index.php\/apps\/memories\/s\/QRzKQtjxzGX8iaX\" target=\"_blank\" rel=\"noreferrer noopener\">Sammlung<\/a><\/p>\n\n\n\n<p>Gerne komme ich auf diesbez\u00fcgliche Anfragen zur\u00fcck!<\/p>\n\n\n\n<figure class=\"wp-block-image size-full\"><img loading=\"lazy\" decoding=\"async\" width=\"1000\" height=\"672\" src=\"https:\/\/herschel.co.at\/wp-content\/uploads\/2025\/11\/IMGP1771.PEF_compressed.jpeg\" alt=\"\" class=\"wp-image-47\" srcset=\"https:\/\/herschel.co.at\/wp-content\/uploads\/2025\/11\/IMGP1771.PEF_compressed.jpeg 1000w, https:\/\/herschel.co.at\/wp-content\/uploads\/2025\/11\/IMGP1771.PEF_compressed-300x202.jpeg 300w, https:\/\/herschel.co.at\/wp-content\/uploads\/2025\/11\/IMGP1771.PEF_compressed-768x516.jpeg 768w\" sizes=\"auto, (max-width: 1000px) 100vw, 1000px\" \/><\/figure>\n","protected":false},"excerpt":{"rendered":"<p>Fotografieren war schon immer eine Sache f\u00fcr mich. Und alte Fotoalben liebe ich. Und dann w\u00e4re da noch mein Hang zum Archivar. \u00dcber zwei sehr alte Fotoalben in unserem Familienfundus habe ich in dieses Thema hineingefunden. Nicht zuletzt aus Angst, dass diese Andenken irgendwann verblassen k\u00f6nnten, habe ich sie digitalisiert. Nach anf\u00e4nglichen Misserfolgen in Bezug [&hellip;]<\/p>\n","protected":false},"author":1,"featured_media":0,"parent":0,"menu_order":0,"comment_status":"closed","ping_status":"closed","template":"","meta":{"footnotes":""},"class_list":["post-17","page","type-page","status-publish","hentry"],"_links":{"self":[{"href":"https:\/\/herschel.co.at\/index.php?rest_route=\/wp\/v2\/pages\/17","targetHints":{"allow":["GET"]}}],"collection":[{"href":"https:\/\/herschel.co.at\/index.php?rest_route=\/wp\/v2\/pages"}],"about":[{"href":"https:\/\/herschel.co.at\/index.php?rest_route=\/wp\/v2\/types\/page"}],"author":[{"embeddable":true,"href":"https:\/\/herschel.co.at\/index.php?rest_route=\/wp\/v2\/users\/1"}],"replies":[{"embeddable":true,"href":"https:\/\/herschel.co.at\/index.php?rest_route=%2Fwp%2Fv2%2Fcomments&post=17"}],"version-history":[{"count":10,"href":"https:\/\/herschel.co.at\/index.php?rest_route=\/wp\/v2\/pages\/17\/revisions"}],"predecessor-version":[{"id":56,"href":"https:\/\/herschel.co.at\/index.php?rest_route=\/wp\/v2\/pages\/17\/revisions\/56"}],"wp:attachment":[{"href":"https:\/\/herschel.co.at\/index.php?rest_route=%2Fwp%2Fv2%2Fmedia&parent=17"}],"curies":[{"name":"wp","href":"https:\/\/api.w.org\/{rel}","templated":true}]}}