{"id":15,"date":"2026-04-08T18:17:53","date_gmt":"2026-04-08T18:17:53","guid":{"rendered":"https:\/\/herschel.co.at\/?page_id=15"},"modified":"2026-04-12T09:43:03","modified_gmt":"2026-04-12T09:43:03","slug":"soudweave","status":"publish","type":"page","link":"https:\/\/herschel.co.at\/?page_id=15","title":{"rendered":"Soudweave"},"content":{"rendered":"\n<p>SoundWeave ist ein Klangerzeuger, der einen sich endlos ver\u00e4ndernde Klangteppich erzeugt. Ausgehend von einer Reihe vorgegebener Samples f\u00fcgt er einer Schleife zuf\u00e4llig Kl\u00e4nge hinzu. Durch Manipulation dieser Schleife ver\u00e4ndert sich die Kl\u00e4ngtextur st\u00e4ndig.<\/p>\n\n\n\n<p><a href=\"https:\/\/soundweave.stephansvorzimmer.synology.me:5001\/live.ogg\">Live Stream<\/a><\/p>\n\n\n\n<p>Damals, in den 90ern, als es noch total abenteuerlich war am PC Linux zu installieren, hatte ich eine Idee: ich wollte etwas auf diesem neuen Betriebssytem programmieren. Es sollte was mit Kl\u00e4ngen sein und es sollte zuf\u00e4llig sein. So entstand \u00fcber einige Monate hinweg &#8222;Soundweave&#8220;.<\/p>\n\n\n\n<p><\/p>\n","protected":false},"excerpt":{"rendered":"<p>SoundWeave ist ein Klangerzeuger, der einen sich endlos ver\u00e4ndernde Klangteppich erzeugt. Ausgehend von einer Reihe vorgegebener Samples f\u00fcgt er einer Schleife zuf\u00e4llig Kl\u00e4nge hinzu. Durch Manipulation dieser Schleife ver\u00e4ndert sich die Kl\u00e4ngtextur st\u00e4ndig. Live Stream Damals, in den 90ern, als es noch total abenteuerlich war am PC Linux zu installieren, hatte ich eine Idee: ich [&hellip;]<\/p>\n","protected":false},"author":1,"featured_media":0,"parent":0,"menu_order":0,"comment_status":"closed","ping_status":"closed","template":"","meta":{"footnotes":""},"class_list":["post-15","page","type-page","status-publish","hentry"],"_links":{"self":[{"href":"https:\/\/herschel.co.at\/index.php?rest_route=\/wp\/v2\/pages\/15","targetHints":{"allow":["GET"]}}],"collection":[{"href":"https:\/\/herschel.co.at\/index.php?rest_route=\/wp\/v2\/pages"}],"about":[{"href":"https:\/\/herschel.co.at\/index.php?rest_route=\/wp\/v2\/types\/page"}],"author":[{"embeddable":true,"href":"https:\/\/herschel.co.at\/index.php?rest_route=\/wp\/v2\/users\/1"}],"replies":[{"embeddable":true,"href":"https:\/\/herschel.co.at\/index.php?rest_route=%2Fwp%2Fv2%2Fcomments&post=15"}],"version-history":[{"count":7,"href":"https:\/\/herschel.co.at\/index.php?rest_route=\/wp\/v2\/pages\/15\/revisions"}],"predecessor-version":[{"id":63,"href":"https:\/\/herschel.co.at\/index.php?rest_route=\/wp\/v2\/pages\/15\/revisions\/63"}],"wp:attachment":[{"href":"https:\/\/herschel.co.at\/index.php?rest_route=%2Fwp%2Fv2%2Fmedia&parent=15"}],"curies":[{"name":"wp","href":"https:\/\/api.w.org\/{rel}","templated":true}]}}